{"id":8,"date":"2016-10-21T10:07:23","date_gmt":"2016-10-21T08:07:23","guid":{"rendered":"http:\/\/www.koerperbewusstessen.at\/?page_id=8"},"modified":"2025-12-22T19:51:57","modified_gmt":"2025-12-22T18:51:57","slug":"ernaehrungsberatung","status":"publish","type":"page","link":"https:\/\/www.koerperbewusstessen.at\/?page_id=8","title":{"rendered":"Ern\u00e4hrungsberatung"},"content":{"rendered":"<p><img loading=\"lazy\" decoding=\"async\" class=\"size-medium wp-image-155 alignright\" src=\"http:\/\/www.koerperbewusstessen.at\/wp-content\/uploads\/2016\/10\/foto-lerch-230319-klein-41-300x225.jpg\" alt=\"\" width=\"300\" height=\"225\" srcset=\"https:\/\/www.koerperbewusstessen.at\/wp-content\/uploads\/2016\/10\/foto-lerch-230319-klein-41-300x225.jpg 300w, https:\/\/www.koerperbewusstessen.at\/wp-content\/uploads\/2016\/10\/foto-lerch-230319-klein-41-768x576.jpg 768w, https:\/\/www.koerperbewusstessen.at\/wp-content\/uploads\/2016\/10\/foto-lerch-230319-klein-41-1024x768.jpg 1024w, https:\/\/www.koerperbewusstessen.at\/wp-content\/uploads\/2016\/10\/foto-lerch-230319-klein-41-676x507.jpg 676w, https:\/\/www.koerperbewusstessen.at\/wp-content\/uploads\/2016\/10\/foto-lerch-230319-klein-41.jpg 1200w\" sizes=\"auto, (max-width: 300px) 100vw, 300px\" \/><\/p>\n<p>Eine individuelle Ern\u00e4hrungsberatung pa\u00dft sich an die Situation, Ziel und Bed\u00fcrfnisse der zu beratenden Person an und dient der pers\u00f6nlichen L\u00f6sungsfindung um einen bewussten Umgang mit unserer Nahrung und dem eigenen K\u00f6rper zu erreichen! Daf\u00fcr ist ein Protokoll des Alltags \u00fcber 4-7 Tage n\u00f6tig.<\/p>\n<p>Der Beratungstermin beinhaltet Basisinformationen worauf die individuelle Beratung aufbauen kann, die Erkenntnisse aus dem Protokoll und es k\u00f6nnen alle ern\u00e4hrungsrelevanten Fragen gekl\u00e4rt werden. Bei Bedarf k\u00f6nnen weitere Beratungstermine vereinbart werden.<\/p>\n<p>Die Basisinformation kann \u00fcbrigens auch als Gruppe von bis zu 5 Personen gebucht werden, individuelle Fragen k\u00f6nnen jedoch erst in einem Folgetermin oder per Mail gekl\u00e4rt werden.<\/p>\n<p>Preis: 120\u20ac \/ Stunde plus Anfahrtskosten (0,5\u20ac\/km)<\/p>\n<div style=\"width: 100%; height: 75px; background-color: #4c8c2b; line-height: 75px; margin: 10px; text-align: center; vertical-align: middle; color: white; border-radius: 25px; cursor: pointer;\"><a style=\"color: white; display: block;\" href=\"http:\/\/www.koerperbewusstessen.at\/?page_id=12\">Anfrage absenden<\/a><\/div>\n","protected":false},"excerpt":{"rendered":"<p>Eine individuelle Ern\u00e4hrungsberatung pa\u00dft sich an die Situation, Ziel und Bed\u00fcrfnisse der zu beratenden Person an und dient der pers\u00f6nlichen L\u00f6sungsfindung um einen bewussten Umgang mit unserer Nahrung und dem eigenen K\u00f6rper zu erreichen! Daf\u00fcr ist ein Protokoll des Alltags \u00fcber 4-7 Tage n\u00f6tig. Der Beratungstermin beinhaltet Basisinformationen worauf die individuelle Beratung aufbauen kann, die [&hellip;]<\/p>\n","protected":false},"author":1,"featured_media":0,"parent":0,"menu_order":0,"comment_status":"closed","ping_status":"closed","template":"template-fullwidth.php","meta":{"footnotes":""},"class_list":["post-8","page","type-page","status-publish","hentry"],"_links":{"self":[{"href":"https:\/\/www.koerperbewusstessen.at\/index.php?rest_route=\/wp\/v2\/pages\/8","targetHints":{"allow":["GET"]}}],"collection":[{"href":"https:\/\/www.koerperbewusstessen.at\/index.php?rest_route=\/wp\/v2\/pages"}],"about":[{"href":"https:\/\/www.koerperbewusstessen.at\/index.php?rest_route=\/wp\/v2\/types\/page"}],"author":[{"embeddable":true,"href":"https:\/\/www.koerperbewusstessen.at\/index.php?rest_route=\/wp\/v2\/users\/1"}],"replies":[{"embeddable":true,"href":"https:\/\/www.koerperbewusstessen.at\/index.php?rest_route=%2Fwp%2Fv2%2Fcomments&post=8"}],"version-history":[{"count":14,"href":"https:\/\/www.koerperbewusstessen.at\/index.php?rest_route=\/wp\/v2\/pages\/8\/revisions"}],"predecessor-version":[{"id":488,"href":"https:\/\/www.koerperbewusstessen.at\/index.php?rest_route=\/wp\/v2\/pages\/8\/revisions\/488"}],"wp:attachment":[{"href":"https:\/\/www.koerperbewusstessen.at\/index.php?rest_route=%2Fwp%2Fv2%2Fmedia&parent=8"}],"curies":[{"name":"wp","href":"https:\/\/api.w.org\/{rel}","templated":true}]}}