{"id":474,"date":"2025-11-30T14:04:50","date_gmt":"2025-11-30T13:04:50","guid":{"rendered":"https:\/\/www.koerperbewusstessen.at\/?page_id=474"},"modified":"2025-11-30T14:04:51","modified_gmt":"2025-11-30T13:04:51","slug":"gewohnheiten-aendern-ganzheitliche-gesundheit","status":"publish","type":"page","link":"https:\/\/www.koerperbewusstessen.at\/?page_id=474","title":{"rendered":"Gewohnheiten \u00e4ndern &#8211; ganzheitliche Gesundheit"},"content":{"rendered":"\n<p>Ganzheitliche Gesundheit bezieht sich nicht nur auf den K\u00f6rper, sondern auch auf den Geist und die Seele und h\u00e4ngt von mehreren Faktoren ab. Wie die Gesundheit positiv beeinflusst werden kann, da gibt es viele Ans\u00e4tze und Informationen &#8211; aber welche helfen mir wirklich? Und wie kann man eine Gewohnheit denn \u00fcberhaupt \u00e4ndern? Hier erfahren Sie Tipps was es braucht und wie es klappen kann, alte Gewohnheiten aufzubrechen und neue zu bilden. Zudem wird besprochen, welche Empfehlungen \u00fcberhaupt zur neuen gesunden Gewohnheit werden sollen.<\/p>\n\n\n\n<p><\/p>\n","protected":false},"excerpt":{"rendered":"<p>Ganzheitliche Gesundheit bezieht sich nicht nur auf den K\u00f6rper, sondern auch auf den Geist und die Seele und h\u00e4ngt von mehreren Faktoren ab. Wie die Gesundheit positiv beeinflusst werden kann, da gibt es viele Ans\u00e4tze und Informationen &#8211; aber welche helfen mir wirklich? Und wie kann man eine Gewohnheit denn \u00fcberhaupt \u00e4ndern? Hier erfahren Sie [&hellip;]<\/p>\n","protected":false},"author":1,"featured_media":0,"parent":0,"menu_order":0,"comment_status":"closed","ping_status":"closed","template":"","meta":{"footnotes":""},"class_list":["post-474","page","type-page","status-publish","hentry"],"_links":{"self":[{"href":"https:\/\/www.koerperbewusstessen.at\/index.php?rest_route=\/wp\/v2\/pages\/474","targetHints":{"allow":["GET"]}}],"collection":[{"href":"https:\/\/www.koerperbewusstessen.at\/index.php?rest_route=\/wp\/v2\/pages"}],"about":[{"href":"https:\/\/www.koerperbewusstessen.at\/index.php?rest_route=\/wp\/v2\/types\/page"}],"author":[{"embeddable":true,"href":"https:\/\/www.koerperbewusstessen.at\/index.php?rest_route=\/wp\/v2\/users\/1"}],"replies":[{"embeddable":true,"href":"https:\/\/www.koerperbewusstessen.at\/index.php?rest_route=%2Fwp%2Fv2%2Fcomments&post=474"}],"version-history":[{"count":1,"href":"https:\/\/www.koerperbewusstessen.at\/index.php?rest_route=\/wp\/v2\/pages\/474\/revisions"}],"predecessor-version":[{"id":475,"href":"https:\/\/www.koerperbewusstessen.at\/index.php?rest_route=\/wp\/v2\/pages\/474\/revisions\/475"}],"wp:attachment":[{"href":"https:\/\/www.koerperbewusstessen.at\/index.php?rest_route=%2Fwp%2Fv2%2Fmedia&parent=474"}],"curies":[{"name":"wp","href":"https:\/\/api.w.org\/{rel}","templated":true}]}}