{"id":467,"date":"2025-11-30T13:48:53","date_gmt":"2025-11-30T12:48:53","guid":{"rendered":"https:\/\/www.koerperbewusstessen.at\/?page_id=467"},"modified":"2025-11-30T13:50:01","modified_gmt":"2025-11-30T12:50:01","slug":"gewichtsoptimierung","status":"publish","type":"page","link":"https:\/\/www.koerperbewusstessen.at\/?page_id=467","title":{"rendered":"Gewichtsoptimierung &#8211; was ist ideal?"},"content":{"rendered":"\n<p>Viele f\u00fchlen sich nicht richtig wohl im eigenen K\u00f6rper &#8211; trotz zahlreicher Anbieter und Produkte auf dem Markt, die angeblich Hilfe versprechen. Di\u00e4ten gibt es viele, leider kann das &#8222;Spiel&#8220; mit dem Essen auch gef\u00e4hrlich sein. Dieser Vortrag erkl\u00e4rt einfach und verst\u00e4ndlich, wie es wirklich funktionieren kann am Gewicht zu arbeiten, und vermittelt umsetzbare Tipps um das eigene Verhalten dauerhaft zu \u00e4ndern. Nur durch eine sinnvolle Umstellung erreicht man sein Wohlf\u00fchlgewicht.<\/p>\n","protected":false},"excerpt":{"rendered":"<p>Viele f\u00fchlen sich nicht richtig wohl im eigenen K\u00f6rper &#8211; trotz zahlreicher Anbieter und Produkte auf dem Markt, die angeblich Hilfe versprechen. Di\u00e4ten gibt es viele, leider kann das &#8222;Spiel&#8220; mit dem Essen auch gef\u00e4hrlich sein. Dieser Vortrag erkl\u00e4rt einfach und verst\u00e4ndlich, wie es wirklich funktionieren kann am Gewicht zu arbeiten, und vermittelt umsetzbare Tipps [&hellip;]<\/p>\n","protected":false},"author":1,"featured_media":0,"parent":0,"menu_order":0,"comment_status":"closed","ping_status":"closed","template":"","meta":{"footnotes":""},"class_list":["post-467","page","type-page","status-publish","hentry"],"_links":{"self":[{"href":"https:\/\/www.koerperbewusstessen.at\/index.php?rest_route=\/wp\/v2\/pages\/467","targetHints":{"allow":["GET"]}}],"collection":[{"href":"https:\/\/www.koerperbewusstessen.at\/index.php?rest_route=\/wp\/v2\/pages"}],"about":[{"href":"https:\/\/www.koerperbewusstessen.at\/index.php?rest_route=\/wp\/v2\/types\/page"}],"author":[{"embeddable":true,"href":"https:\/\/www.koerperbewusstessen.at\/index.php?rest_route=\/wp\/v2\/users\/1"}],"replies":[{"embeddable":true,"href":"https:\/\/www.koerperbewusstessen.at\/index.php?rest_route=%2Fwp%2Fv2%2Fcomments&post=467"}],"version-history":[{"count":2,"href":"https:\/\/www.koerperbewusstessen.at\/index.php?rest_route=\/wp\/v2\/pages\/467\/revisions"}],"predecessor-version":[{"id":470,"href":"https:\/\/www.koerperbewusstessen.at\/index.php?rest_route=\/wp\/v2\/pages\/467\/revisions\/470"}],"wp:attachment":[{"href":"https:\/\/www.koerperbewusstessen.at\/index.php?rest_route=%2Fwp%2Fv2%2Fmedia&parent=467"}],"curies":[{"name":"wp","href":"https:\/\/api.w.org\/{rel}","templated":true}]}}