{"id":254,"date":"2022-09-26T18:48:54","date_gmt":"2022-09-26T16:48:54","guid":{"rendered":"https:\/\/www.koerperbewusstessen.at\/?page_id=254"},"modified":"2022-09-26T23:11:48","modified_gmt":"2022-09-26T21:11:48","slug":"wissenswertes-zur-bia-messung","status":"publish","type":"page","link":"https:\/\/www.koerperbewusstessen.at\/?page_id=254","title":{"rendered":"Wissenswertes zur BIA-Messung"},"content":{"rendered":"\n<figure class=\"wp-block-image size-full is-resized\"><img loading=\"lazy\" decoding=\"async\" src=\"https:\/\/www.koerperbewusstessen.at\/wp-content\/uploads\/2022\/09\/BIA-Bild.png\" alt=\"\" class=\"wp-image-255\" width=\"556\" height=\"269\" srcset=\"https:\/\/www.koerperbewusstessen.at\/wp-content\/uploads\/2022\/09\/BIA-Bild.png 382w, https:\/\/www.koerperbewusstessen.at\/wp-content\/uploads\/2022\/09\/BIA-Bild-300x145.png 300w\" sizes=\"auto, (max-width: 556px) 100vw, 556px\" \/><\/figure>\n\n\n\n<p>Nur mit der phasensensitiven BIA ist die gleichzeitige Bestimmung von K\u00f6rperfett, K\u00f6rperwasser sowie Muskel- und Organmasse BCM und Extrazellul\u00e4rer Masse ECM m\u00f6glich.<\/p>\n\n\n\n<p><em>Laut<\/em> <em>Wikipedia:<\/em><\/p>\n\n\n\n<p>Ger\u00e4te f\u00fcr den Privatgebrauch zur bioelektrischen Impedanzanalyse wie&nbsp;K\u00f6rperfettwaagen, die Messungen an den unteren Extremit\u00e4ten und dem unteren Rumpfbereich durchf\u00fchren, sowie auch Hand-Hand-Messger\u00e4te, welche die oberen Extremit\u00e4ten und den oberen Rumpfbereich mit einem Messsignal versorgen, entsprechen nicht den Mindestanforderungen an eine BIA. Das K\u00f6rpergewicht nimmt in den Formeln dieser Ger\u00e4te eine dominante Funktion ein. So wird eine Gewichtszunahme als ein Mehr an Fett definiert, eine Gewichtsreduktion als ein Fettabbau dargestellt, selbst dann, wenn vorrangig Muskeln abgebaut wurden. Darum sind diese Ger\u00e4te auch aus medizinischer Perspektive nicht zu empfehlen.<\/p>\n\n\n\n<p>Voraussetzungen f\u00fcr eine korrekte K\u00f6rperanalyse mittels BIA:<\/p>\n\n\n\n<ol class=\"wp-block-list\" type=\"1\"><li>Die BIA-Messung kann nur mit einer hochwertigen Messtechnik durchgef\u00fchrt werden (phasensensitiv).<\/li><li>Die betreuende Person muss geschult sein.<\/li><li>Die liegende Positionierung und die exakte Elektrodenkonfiguration m\u00fcssen eingehalten werden.<\/li><li>Die Software muss einen universellen, statistisch abgesicherten Formelsatz zur Verf\u00fcgung stellen.<\/li><li>Pathologische Situationen k\u00f6nnen nur mit speziellen Formeln von Fachleuten bewertet werden.<\/li><\/ol>\n","protected":false},"excerpt":{"rendered":"<p>Nur mit der phasensensitiven BIA ist die gleichzeitige Bestimmung von K\u00f6rperfett, K\u00f6rperwasser sowie Muskel- und Organmasse BCM und Extrazellul\u00e4rer Masse ECM m\u00f6glich. Laut Wikipedia: Ger\u00e4te f\u00fcr den Privatgebrauch zur bioelektrischen Impedanzanalyse wie&nbsp;K\u00f6rperfettwaagen, die Messungen an den unteren Extremit\u00e4ten und dem unteren Rumpfbereich durchf\u00fchren, sowie auch Hand-Hand-Messger\u00e4te, welche die oberen Extremit\u00e4ten und den oberen Rumpfbereich mit [&hellip;]<\/p>\n","protected":false},"author":1,"featured_media":0,"parent":174,"menu_order":0,"comment_status":"closed","ping_status":"closed","template":"template-fullwidth.php","meta":{"footnotes":""},"class_list":["post-254","page","type-page","status-publish","hentry"],"_links":{"self":[{"href":"https:\/\/www.koerperbewusstessen.at\/index.php?rest_route=\/wp\/v2\/pages\/254","targetHints":{"allow":["GET"]}}],"collection":[{"href":"https:\/\/www.koerperbewusstessen.at\/index.php?rest_route=\/wp\/v2\/pages"}],"about":[{"href":"https:\/\/www.koerperbewusstessen.at\/index.php?rest_route=\/wp\/v2\/types\/page"}],"author":[{"embeddable":true,"href":"https:\/\/www.koerperbewusstessen.at\/index.php?rest_route=\/wp\/v2\/users\/1"}],"replies":[{"embeddable":true,"href":"https:\/\/www.koerperbewusstessen.at\/index.php?rest_route=%2Fwp%2Fv2%2Fcomments&post=254"}],"version-history":[{"count":5,"href":"https:\/\/www.koerperbewusstessen.at\/index.php?rest_route=\/wp\/v2\/pages\/254\/revisions"}],"predecessor-version":[{"id":287,"href":"https:\/\/www.koerperbewusstessen.at\/index.php?rest_route=\/wp\/v2\/pages\/254\/revisions\/287"}],"up":[{"embeddable":true,"href":"https:\/\/www.koerperbewusstessen.at\/index.php?rest_route=\/wp\/v2\/pages\/174"}],"wp:attachment":[{"href":"https:\/\/www.koerperbewusstessen.at\/index.php?rest_route=%2Fwp%2Fv2%2Fmedia&parent=254"}],"curies":[{"name":"wp","href":"https:\/\/api.w.org\/{rel}","templated":true}]}}