{"id":248,"date":"2022-09-26T18:40:24","date_gmt":"2022-09-26T16:40:24","guid":{"rendered":"https:\/\/www.koerperbewusstessen.at\/?page_id=248"},"modified":"2025-12-22T19:35:42","modified_gmt":"2025-12-22T18:35:42","slug":"aktuelles","status":"publish","type":"page","link":"https:\/\/www.koerperbewusstessen.at\/?page_id=248","title":{"rendered":"Aktuelles"},"content":{"rendered":"\n<p><strong>Nur noch wenig freie Termine f\u00fcrs Jahr 2026<\/strong><\/p>\n\n\n\n<p>Ich bedanke mich bei allen, mit denen ich im Jahr 2025 zusammenarbeiten durfte und freue mich auf das Neue! Beim Anblick meines Jahreskalenders ist mir jedoch aufgefallen, dass f\u00fcr 2026 nur noch wenige Termine frei sind!<\/p>\n\n\n\n<p><strong>Messung der K\u00f6rperzusammensetzung<\/strong><\/p>\n\n\n\n<p>Wer genau wissen m\u00f6chte, wie sich sein K\u00f6rper zusammensetzt, kann mit einer Bioimpedanzanalyse genau erfahren, aus wieviel Muskeln, Fett und Wasser der eigene K\u00f6rper besteht. Zudem kann eine Fachperson aus den gemessenen Werten Aussagen \u00fcber Ihren aktuellen Ern\u00e4hrungs-, Trainings- und Gesundheitszustand treffen.<\/p>\n\n\n\n<p>In nur wenigen Minuten bei Ihnen zu Hause, ohne gro\u00dfen Aufwand, ohne Schmerzen und kosteng\u00fcnstig. Bei Interesse lesen Sie weiter unter <a href=\"https:\/\/www.koerperbewusstessen.at\/?page_id=174\" data-type=\"page\" data-id=\"174\">BIA-Messung<\/a>.<\/p>\n","protected":false},"excerpt":{"rendered":"<p>Nur noch wenig freie Termine f\u00fcrs Jahr 2026 Ich bedanke mich bei allen, mit denen ich im Jahr 2025 zusammenarbeiten durfte und freue mich auf das Neue! Beim Anblick meines Jahreskalenders ist mir jedoch aufgefallen, dass f\u00fcr 2026 nur noch wenige Termine frei sind! Messung der K\u00f6rperzusammensetzung Wer genau wissen m\u00f6chte, wie sich sein K\u00f6rper [&hellip;]<\/p>\n","protected":false},"author":1,"featured_media":0,"parent":0,"menu_order":0,"comment_status":"closed","ping_status":"closed","template":"template-fullwidth.php","meta":{"footnotes":""},"class_list":["post-248","page","type-page","status-publish","hentry"],"_links":{"self":[{"href":"https:\/\/www.koerperbewusstessen.at\/index.php?rest_route=\/wp\/v2\/pages\/248","targetHints":{"allow":["GET"]}}],"collection":[{"href":"https:\/\/www.koerperbewusstessen.at\/index.php?rest_route=\/wp\/v2\/pages"}],"about":[{"href":"https:\/\/www.koerperbewusstessen.at\/index.php?rest_route=\/wp\/v2\/types\/page"}],"author":[{"embeddable":true,"href":"https:\/\/www.koerperbewusstessen.at\/index.php?rest_route=\/wp\/v2\/users\/1"}],"replies":[{"embeddable":true,"href":"https:\/\/www.koerperbewusstessen.at\/index.php?rest_route=%2Fwp%2Fv2%2Fcomments&post=248"}],"version-history":[{"count":41,"href":"https:\/\/www.koerperbewusstessen.at\/index.php?rest_route=\/wp\/v2\/pages\/248\/revisions"}],"predecessor-version":[{"id":486,"href":"https:\/\/www.koerperbewusstessen.at\/index.php?rest_route=\/wp\/v2\/pages\/248\/revisions\/486"}],"wp:attachment":[{"href":"https:\/\/www.koerperbewusstessen.at\/index.php?rest_route=%2Fwp%2Fv2%2Fmedia&parent=248"}],"curies":[{"name":"wp","href":"https:\/\/api.w.org\/{rel}","templated":true}]}}