{"id":174,"date":"2020-06-12T13:55:50","date_gmt":"2020-06-12T11:55:50","guid":{"rendered":"http:\/\/www.koerperbewusstessen.at\/?page_id=174"},"modified":"2025-11-28T14:39:17","modified_gmt":"2025-11-28T13:39:17","slug":"sprechstunde-und-impulsvortraege","status":"publish","type":"page","link":"https:\/\/www.koerperbewusstessen.at\/?page_id=174","title":{"rendered":"BIA-Messung"},"content":{"rendered":"\n<p>Die Waage misst das Gewicht \u2013 aber wie setzt sich das Gewicht genau zusammen? Woraus besteht Ihr K\u00f6rper? Wieviel Fettgewebe und wieviel Muskulatur ist vorhanden? Wie geht es Ihrer Zelle?<\/p>\n\n\n\n<p>Sie wollen es genauer wissen, dann ist das Ihre Chance!<\/p>\n\n\n\n<p>Die&nbsp;BIA-Messung&nbsp;oder bioelektrische Impedanzanalyse ist eine professionelle und wissenschaftlich fundierte Methode zur Bestimmung der K\u00f6rperzusammensetzung. Es ist eine nicht-invasive, schmerzfreie Methode mit aussagekr\u00e4ftigen Ergebnissen \u00fcber den momentanen Ern\u00e4hrungs- und Trainingszustand, kann Gewichtsver\u00e4nderungen und Trainingserfolge dokumentieren und ist somit Voraussetzung, um jegliche Ver\u00e4nderung des K\u00f6rpers sichtbar zu machen. Eine BIA-Messung ist also viel mehr als eine Fettbestimmung (<a href=\"https:\/\/www.koerperbewusstessen.at\/?page_id=254\" data-type=\"page\" data-id=\"254\">siehe Bild<\/a>). Durch die Messung mehrerer K\u00f6rperkompartimente erm\u00f6glicht sie eine pr\u00e4zisere Analyse, eine gezieltere Beratung und spiegelt den aktuellen Gesundheitszustand des K\u00f6rpers wider.<\/p>\n\n\n\n<p>Nur die BIA-Messung kann gleichzeitig K\u00f6rperfett, K\u00f6rperwasser sowie Muskel- und Organmasse und extrazellul\u00e4re Masse bestimmen.<\/p>\n\n\n\n<p>Und das in nur wenigen Minuten, bei Ihnen zuhause! Sie erhalten Ihre Ergebnisse und Sie analysieren diese gemeinsam mit der erfahrenen Fachperson \u2013 Eva Brunner-Wildauer arbeitet schon \u00fcber 10 Jahre mit dem Ger\u00e4t und kann dadurch pr\u00e4zisere Ausk\u00fcnfte bzw. konkrete Empfehlungen geben. So erfahren Sie, was zu tun ist, um Ihr pers\u00f6nliches Ziel zu erreichen \u2013 egal ob Sie Muskeln aufbauen, Fett reduzieren oder einfach nur \u201ewohler\u201c f\u00fchlen m\u00f6chten.<\/p>\n\n\n\n<p>Eine erste Messung zeigt den momentanen IST-Zustand. Wer sich ein Ziel setzt, kann mit einer Folgemessung nach gewisser Zeit die Erfolge und die Ver\u00e4nderungen im Detail sichtbar machen. Nur so erkennt man, ob man auf dem richtigen Weg ist! Die Waage allein ist kein guter Berater! Auf die Zusammensetzung kommt es an!<\/p>\n\n\n\n<p><strong>Wo:<\/strong> bei Ihnen zu Hause<br><strong>Wann:<\/strong> 7:30, 8:00, 8:30 oder 9:00 (vor dem Fr\u00fchst\u00fcck)<br><strong>Dauer:<\/strong> 45 Minuten mit Auswertegespr\u00e4ch + Anfahrt (0,5 \u20ac\/km)<br><strong>Preis:<\/strong> 95\u20ac (Bezahlung direkt vor Ort oder Rechnung per E-Mail), Folgemessung 65\u20ac<\/p>\n\n\n\n<p><p>Einfach eine Anfrage abschicken und Frau Mag. Eva Brunner-Wildauer wird sich direkt bei Ihnen melden, um einen passenden Termin mit Ihnen zu vereinbaren!<\/p>\n<div style=\"width: 100%; height: 75px; background-color: #4c8c2b; line-height: 75px; margin: 10px; text-align: center; vertical-align: middle; color: white; border-radius: 25px; cursor: pointer;\"><a style=\"color: white; display: block;\" href=\"http:\/\/www.koerperbewusstessen.at\/?page_id=179\">Anfrage absenden<\/a><\/div><\/p>\n\n\n\n<p><\/p>\n","protected":false},"excerpt":{"rendered":"<p>Die Waage misst das Gewicht \u2013 aber wie setzt sich das Gewicht genau zusammen? Woraus besteht Ihr K\u00f6rper? Wieviel Fettgewebe und wieviel Muskulatur ist vorhanden? Wie geht es Ihrer Zelle? Sie wollen es genauer wissen, dann ist das Ihre Chance! Die&nbsp;BIA-Messung&nbsp;oder bioelektrische Impedanzanalyse ist eine professionelle und wissenschaftlich fundierte Methode zur Bestimmung der K\u00f6rperzusammensetzung. Es [&hellip;]<\/p>\n","protected":false},"author":1,"featured_media":0,"parent":0,"menu_order":0,"comment_status":"closed","ping_status":"closed","template":"template-fullwidth.php","meta":{"footnotes":""},"class_list":["post-174","page","type-page","status-publish","hentry"],"_links":{"self":[{"href":"https:\/\/www.koerperbewusstessen.at\/index.php?rest_route=\/wp\/v2\/pages\/174","targetHints":{"allow":["GET"]}}],"collection":[{"href":"https:\/\/www.koerperbewusstessen.at\/index.php?rest_route=\/wp\/v2\/pages"}],"about":[{"href":"https:\/\/www.koerperbewusstessen.at\/index.php?rest_route=\/wp\/v2\/types\/page"}],"author":[{"embeddable":true,"href":"https:\/\/www.koerperbewusstessen.at\/index.php?rest_route=\/wp\/v2\/users\/1"}],"replies":[{"embeddable":true,"href":"https:\/\/www.koerperbewusstessen.at\/index.php?rest_route=%2Fwp%2Fv2%2Fcomments&post=174"}],"version-history":[{"count":26,"href":"https:\/\/www.koerperbewusstessen.at\/index.php?rest_route=\/wp\/v2\/pages\/174\/revisions"}],"predecessor-version":[{"id":425,"href":"https:\/\/www.koerperbewusstessen.at\/index.php?rest_route=\/wp\/v2\/pages\/174\/revisions\/425"}],"wp:attachment":[{"href":"https:\/\/www.koerperbewusstessen.at\/index.php?rest_route=%2Fwp%2Fv2%2Fmedia&parent=174"}],"curies":[{"name":"wp","href":"https:\/\/api.w.org\/{rel}","templated":true}]}}