{"id":16,"date":"2016-10-21T10:54:51","date_gmt":"2016-10-21T08:54:51","guid":{"rendered":"http:\/\/www.koerperbewusstessen.at\/?page_id=16"},"modified":"2025-01-02T16:49:34","modified_gmt":"2025-01-02T15:49:34","slug":"eva-wildauer","status":"publish","type":"page","link":"https:\/\/www.koerperbewusstessen.at\/","title":{"rendered":""},"content":{"rendered":"<div class=\"wp-block-image is-style-default\">\n<figure class=\"alignleft size-large is-resized\"><a href=\"https:\/\/www.uwh-photo.com\/\"><img loading=\"lazy\" decoding=\"async\" width=\"683\" height=\"1024\" src=\"http:\/\/www.koerperbewusstessen.at\/wp-content\/uploads\/2025\/01\/uwh_photography-2024-FR-101-683x1024.jpg\" alt=\"\" class=\"wp-image-368\" style=\"width:276px;height:auto\" srcset=\"https:\/\/www.koerperbewusstessen.at\/wp-content\/uploads\/2025\/01\/uwh_photography-2024-FR-101-683x1024.jpg 683w, https:\/\/www.koerperbewusstessen.at\/wp-content\/uploads\/2025\/01\/uwh_photography-2024-FR-101-200x300.jpg 200w, https:\/\/www.koerperbewusstessen.at\/wp-content\/uploads\/2025\/01\/uwh_photography-2024-FR-101-768x1152.jpg 768w, https:\/\/www.koerperbewusstessen.at\/wp-content\/uploads\/2025\/01\/uwh_photography-2024-FR-101-1024x1536.jpg 1024w, https:\/\/www.koerperbewusstessen.at\/wp-content\/uploads\/2025\/01\/uwh_photography-2024-FR-101-676x1014.jpg 676w, https:\/\/www.koerperbewusstessen.at\/wp-content\/uploads\/2025\/01\/uwh_photography-2024-FR-101.jpg 1067w\" sizes=\"auto, (max-width: 683px) 100vw, 683px\" \/><\/a><\/figure>\n<\/div>\n\n\n<p>Hallo und sch\u00f6n, dass Sie auf meiner Seite gelandet sind. Das Thema Ern\u00e4hrung ist in den letzten Jahren immer wichtiger geworden, darum gibt es auch immer mehr Informationen bzw. Experten f\u00fcr diesen Bereich. \u201eK\u00f6rper-bewusst-essen\u201c bedeutet f\u00fcr mich einen bewussten Umgang mit unserer Nahrung zu finden und im Einklang mit dem eigenen K\u00f6rper zu essen. Dabei bin ich davon \u00fcberzeugt, dass wer mehr wei\u00df, hat mehr Sicherheit und somit mehr Gelassenheit mit dem Thema. Ich m\u00f6chte Ihnen diese n\u00f6tige Klarheit durch einfach erkl\u00e4rtes Fachwissen vermitteln, damit Sie sich wohler f\u00fchlen und sich selbst und Ihre Familie bewusst ges\u00fcnder ern\u00e4hren k\u00f6nnen. Es ist mir ein pers\u00f6nliches Anliegen, dass die ern\u00e4hrungswissenschaftlichen Hintergr\u00fcnde verst\u00e4ndlich und praktisch erkl\u00e4rt werden, dass Sie Tipps und Tricks bekommen, um alles einfach in Ihrem Alltag umsetzen zu k\u00f6nnen und mit gutem Gewissen genie\u00dfen zu k\u00f6nnen. Denn trotz allem sollte Essen Genuss bleiben! Ich versuche zudem neue Ideen und Blickwinkel f\u00fcr Einkauf und Zubereitung zu geben und kritisch gegen\u00fcber langj\u00e4hrigen Ern\u00e4hrungsweisheiten, Informationen auf Produkten und Medien, sowie schnelllebigen Trends zu sein. Der K\u00f6rper ist ein Begleiter f\u00fcrs Leben, auf den wir achten m\u00fcssen und um den wir uns k\u00fcmmern sollen \u2013 f\u00fcr ein langes und gesundes Leben!<\/p>\n\n\n<div style=\"width: 100%; height: 75px; background-color: #4c8c2b; line-height: 75px; margin: 10px; text-align: center; vertical-align: middle; color: white; border-radius: 25px; cursor: pointer;\"><a style=\"color: white; display: block;\" href=\"http:\/\/www.koerperbewusstessen.at\/?page_id=174\">BIA-Messung<\/a><\/div>\n<div style=\"width: 100%; height: 75px; background-color: #4c8c2b; line-height: 75px; margin: 10px; text-align: center; vertical-align: middle; color: white; border-radius: 25px; cursor: pointer;\"><a style=\"color: white; display: block;\" href=\"http:\/\/www.koerperbewusstessen.at\/?page_id=8\">Ern\u00e4hrungsberatung<\/a><\/div>\n<div style=\"width: 100%; height: 75px; background-color: #4c8c2b; line-height: 75px; margin: 10px; text-align: center; vertical-align: middle; color: white; border-radius: 25px; cursor: pointer;\"><a style=\"color: white; display: block;\" href=\"http:\/\/www.koerperbewusstessen.at\/?page_id=10\">Ern\u00e4hrungsvortrag-\/workshop<\/a><\/div>\n<div style=\"width: 100%; height: 75px; background-color: #4c8c2b; line-height: 75px; margin: 10px; text-align: center; vertical-align: middle; color: white; border-radius: 25px; cursor: pointer;\"><a style=\"color: white; display: block;\" href=\"http:\/\/www.koerperbewusstessen.at\/?page_id=99\">Sonstige Anfragen<\/a><\/div>","protected":false},"excerpt":{"rendered":"<p>Hallo und sch\u00f6n, dass Sie auf meiner Seite gelandet sind. Das Thema Ern\u00e4hrung ist in den letzten Jahren immer wichtiger geworden, darum gibt es auch immer mehr Informationen bzw. Experten f\u00fcr diesen Bereich. \u201eK\u00f6rper-bewusst-essen\u201c bedeutet f\u00fcr mich einen bewussten Umgang mit unserer Nahrung zu finden und im Einklang mit dem eigenen K\u00f6rper zu essen. Dabei [&hellip;]<\/p>\n","protected":false},"author":1,"featured_media":0,"parent":0,"menu_order":0,"comment_status":"closed","ping_status":"closed","template":"template-fullwidth.php","meta":{"footnotes":""},"class_list":["post-16","page","type-page","status-publish","hentry"],"_links":{"self":[{"href":"https:\/\/www.koerperbewusstessen.at\/index.php?rest_route=\/wp\/v2\/pages\/16","targetHints":{"allow":["GET"]}}],"collection":[{"href":"https:\/\/www.koerperbewusstessen.at\/index.php?rest_route=\/wp\/v2\/pages"}],"about":[{"href":"https:\/\/www.koerperbewusstessen.at\/index.php?rest_route=\/wp\/v2\/types\/page"}],"author":[{"embeddable":true,"href":"https:\/\/www.koerperbewusstessen.at\/index.php?rest_route=\/wp\/v2\/users\/1"}],"replies":[{"embeddable":true,"href":"https:\/\/www.koerperbewusstessen.at\/index.php?rest_route=%2Fwp%2Fv2%2Fcomments&post=16"}],"version-history":[{"count":41,"href":"https:\/\/www.koerperbewusstessen.at\/index.php?rest_route=\/wp\/v2\/pages\/16\/revisions"}],"predecessor-version":[{"id":373,"href":"https:\/\/www.koerperbewusstessen.at\/index.php?rest_route=\/wp\/v2\/pages\/16\/revisions\/373"}],"wp:attachment":[{"href":"https:\/\/www.koerperbewusstessen.at\/index.php?rest_route=%2Fwp%2Fv2%2Fmedia&parent=16"}],"curies":[{"name":"wp","href":"https:\/\/api.w.org\/{rel}","templated":true}]}}