{"id":112,"date":"2016-12-13T18:27:24","date_gmt":"2016-12-13T17:27:24","guid":{"rendered":"http:\/\/www.koerperbewusstessen.at\/?page_id=112"},"modified":"2025-02-08T21:20:36","modified_gmt":"2025-02-08T20:20:36","slug":"impressum","status":"publish","type":"page","link":"https:\/\/www.koerperbewusstessen.at\/?page_id=112","title":{"rendered":"Impressum"},"content":{"rendered":"<p><strong>K\u00f6rperbewusstessen &#8211; Beratung und Vortr\u00e4ge<\/strong><br \/>\nEva Brunner-Wildauer<\/p>\n<p>Eschlestra\u00dfe 4<br \/>\n6971<br \/>\nHard<br \/>\n\u00d6sterreich<\/p>\n<p>&#105;m&#x70;r&#x65;s&#x73;u&#x6d;&#64;&#x6b;o&#x65;&#114;&#x70;&#101;&#x72;&#98;&#x65;&#119;&#x75;&#115;&#x73;&#116;&#x65;&#115;s&#x65;n&#x2e;a&#x74;<\/p>\n<p><strong>Gerichtsstand:<\/strong> Bregenz<br \/>\n<strong>Gesch\u00e4ftsf\u00fchrerin:<\/strong> Eva Brunner-Wildauer<br \/>\n<strong>Unternehmensgegenstand:<\/strong> Ern\u00e4hrungsberatung<br \/>\n<strong>Berufsbezeichnung:<\/strong> Ern\u00e4hrungswissenschaften<\/p>\n","protected":false},"excerpt":{"rendered":"<p>K\u00f6rperbewusstessen &#8211; Beratung und Vortr\u00e4ge Eva Brunner-Wildauer Eschlestra\u00dfe 4 6971 Hard \u00d6sterreich &#105;&#x6d;&#112;&#x72;&#101;&#x73;&#115;&#x75;&#109;&#x40;&#107;&#x6f;e&#x72;p&#x65;r&#x62;e&#x77;u&#x73;s&#116;&#x65;&#115;&#x73;&#101;&#x6e;&#46;&#x61;&#116; Gerichtsstand: Bregenz Gesch\u00e4ftsf\u00fchrerin: Eva Brunner-Wildauer Unternehmensgegenstand: Ern\u00e4hrungsberatung Berufsbezeichnung: Ern\u00e4hrungswissenschaften<\/p>\n","protected":false},"author":1,"featured_media":0,"parent":0,"menu_order":0,"comment_status":"closed","ping_status":"closed","template":"template-nosidebar.php","meta":{"footnotes":""},"class_list":["post-112","page","type-page","status-publish","hentry"],"_links":{"self":[{"href":"https:\/\/www.koerperbewusstessen.at\/index.php?rest_route=\/wp\/v2\/pages\/112","targetHints":{"allow":["GET"]}}],"collection":[{"href":"https:\/\/www.koerperbewusstessen.at\/index.php?rest_route=\/wp\/v2\/pages"}],"about":[{"href":"https:\/\/www.koerperbewusstessen.at\/index.php?rest_route=\/wp\/v2\/types\/page"}],"author":[{"embeddable":true,"href":"https:\/\/www.koerperbewusstessen.at\/index.php?rest_route=\/wp\/v2\/users\/1"}],"replies":[{"embeddable":true,"href":"https:\/\/www.koerperbewusstessen.at\/index.php?rest_route=%2Fwp%2Fv2%2Fcomments&post=112"}],"version-history":[{"count":8,"href":"https:\/\/www.koerperbewusstessen.at\/index.php?rest_route=\/wp\/v2\/pages\/112\/revisions"}],"predecessor-version":[{"id":378,"href":"https:\/\/www.koerperbewusstessen.at\/index.php?rest_route=\/wp\/v2\/pages\/112\/revisions\/378"}],"wp:attachment":[{"href":"https:\/\/www.koerperbewusstessen.at\/index.php?rest_route=%2Fwp%2Fv2%2Fmedia&parent=112"}],"curies":[{"name":"wp","href":"https:\/\/api.w.org\/{rel}","templated":true}]}}